{"id":2954,"date":"2025-12-08T03:33:24","date_gmt":"2025-12-08T03:33:24","guid":{"rendered":"https:\/\/sindcompositores.org.br\/?page_id=2954"},"modified":"2025-12-08T03:47:47","modified_gmt":"2025-12-08T03:47:47","slug":"quem-somos","status":"publish","type":"page","link":"https:\/\/sindcompositores.org.br\/?page_id=2954","title":{"rendered":"Quem Somos"},"content":{"rendered":"\t\t<div data-elementor-type=\"wp-page\" data-elementor-id=\"2954\" class=\"elementor elementor-2954\">\n\t\t\t\t\t\t<section class=\"elementor-section elementor-top-section elementor-element elementor-element-67f3a493 elementor-section-stretched elementor-section-boxed elementor-section-height-default elementor-section-height-default wpr-particle-no wpr-jarallax-no wpr-parallax-no wpr-sticky-section-no\" data-id=\"67f3a493\" data-element_type=\"section\" data-settings=\"{&quot;stretch_section&quot;:&quot;section-stretched&quot;,&quot;background_background&quot;:&quot;classic&quot;}\">\n\t\t\t\t\t\t\t<div class=\"elementor-background-overlay\"><\/div>\n\t\t\t\t\t\t\t<div class=\"elementor-container elementor-column-gap-no\">\n\t\t\t\t\t<div class=\"elementor-column elementor-col-100 elementor-top-column elementor-element elementor-element-6ce6654a\" data-id=\"6ce6654a\" data-element_type=\"column\">\n\t\t\t<div class=\"elementor-widget-wrap elementor-element-populated\">\n\t\t\t\t\t\t<div class=\"elementor-element elementor-element-5265067c elementor-invisible elementor-widget elementor-widget-heading\" data-id=\"5265067c\" data-element_type=\"widget\" data-settings=\"{&quot;_animation&quot;:&quot;fadeInUp&quot;}\" data-widget_type=\"heading.default\">\n\t\t\t\t<div class=\"elementor-widget-container\">\n\t\t\t\t\t<h2 class=\"elementor-heading-title elementor-size-default\">Quem Somos<\/h2>\t\t\t\t<\/div>\n\t\t\t\t<\/div>\n\t\t\t\t<div class=\"elementor-element elementor-element-66469960 elementor-widget-divider--view-line elementor-invisible elementor-widget elementor-widget-divider\" data-id=\"66469960\" data-element_type=\"widget\" data-settings=\"{&quot;_animation&quot;:&quot;fadeInUp&quot;}\" data-widget_type=\"divider.default\">\n\t\t\t\t<div class=\"elementor-widget-container\">\n\t\t\t\t\t\t\t<div class=\"elementor-divider\">\n\t\t\t<span class=\"elementor-divider-separator\">\n\t\t\t\t\t\t<\/span>\n\t\t<\/div>\n\t\t\t\t\t\t<\/div>\n\t\t\t\t<\/div>\n\t\t\t\t\t<\/div>\n\t\t<\/div>\n\t\t\t\t\t<\/div>\n\t\t<\/section>\n\t\t\t\t<section class=\"elementor-section elementor-top-section elementor-element elementor-element-567c68c6 elementor-section-boxed elementor-section-height-default elementor-section-height-default wpr-particle-no wpr-jarallax-no wpr-parallax-no wpr-sticky-section-no\" data-id=\"567c68c6\" data-element_type=\"section\">\n\t\t\t\t\t\t<div class=\"elementor-container elementor-column-gap-wide\">\n\t\t\t\t\t<div class=\"elementor-column elementor-col-100 elementor-top-column elementor-element elementor-element-3e641825\" data-id=\"3e641825\" data-element_type=\"column\">\n\t\t\t<div class=\"elementor-widget-wrap elementor-element-populated\">\n\t\t\t\t\t\t<div class=\"elementor-element elementor-element-453e1c8a elementor-widget elementor-widget-heading\" data-id=\"453e1c8a\" data-element_type=\"widget\" data-widget_type=\"heading.default\">\n\t\t\t\t<div class=\"elementor-widget-container\">\n\t\t\t\t\t<h2 class=\"elementor-heading-title elementor-size-default\">SINDCOM<\/h2>\t\t\t\t<\/div>\n\t\t\t\t<\/div>\n\t\t\t\t<div class=\"elementor-element elementor-element-3ade21aa elementor-widget elementor-widget-text-editor\" data-id=\"3ade21aa\" data-element_type=\"widget\" data-widget_type=\"text-editor.default\">\n\t\t\t\t<div class=\"elementor-widget-container\">\n\t\t\t\t\t\t\t\t\t<p>O SINDCOM \u2013 Sindicato Nacional dos Compositores Musicais, uma das mais representativas e longevas entidades da cultura brasileira, teve sua funda\u00e7\u00e3o em 1952, no Rio de Janeiro, como Associa\u00e7\u00e3o Profissional dos Compositores Musicais. Em 1954, obteve sua carta sindical, evoluindo para Sindicato dos Compositores Musicais do Rio de Janeiro e, finalmente, em 08 de novembro de 1983, estendeu sua base para todo o territ\u00f3rio nacional, consagrando-se como Sindicato Nacional.<\/p><p>Sua trajet\u00f3ria \u00e9 marcada pela filia\u00e7\u00e3o de personagens ic\u00f4nicos da cultura nacional, como Tom Jobim, Luiz Gonzaga, Grande Otelo, Chico An\u00edsio, Gilberto Gil, Raimundo Fagner e Jo\u00e3o do Vale, e pela lideran\u00e7a de figuras hist\u00f3ricas como Herivelto Martins, compositor de inestim\u00e1vel valor e criador do Dia do Compositor (07\/10\/1948), que dirigiu a entidade em dois mandatos (1963 e 1971), Recebeu o t\u00edtulo de Cidad\u00e3o Carioca, outorgado pela C\u00e2mara dos Vereadores do Rio de Janeiro,consolidando a relev\u00e2ncia do SINDCOM na defesa dos direitos e na preserva\u00e7\u00e3o da mem\u00f3ria da m\u00fasica brasileira.<\/p>\t\t\t\t\t\t\t\t<\/div>\n\t\t\t\t<\/div>\n\t\t\t\t\t<\/div>\n\t\t<\/div>\n\t\t\t\t\t<\/div>\n\t\t<\/section>\n\t\t\t\t<section class=\"elementor-section elementor-top-section elementor-element elementor-element-c866983 elementor-section-boxed elementor-section-height-default elementor-section-height-default wpr-particle-no wpr-jarallax-no wpr-parallax-no wpr-sticky-section-no\" data-id=\"c866983\" data-element_type=\"section\" data-settings=\"{&quot;background_background&quot;:&quot;classic&quot;}\">\n\t\t\t\t\t\t<div class=\"elementor-container elementor-column-gap-wide\">\n\t\t\t\t\t<div class=\"elementor-column elementor-col-100 elementor-top-column elementor-element elementor-element-4c46969\" data-id=\"4c46969\" data-element_type=\"column\">\n\t\t\t<div class=\"elementor-widget-wrap elementor-element-populated\">\n\t\t\t\t\t\t<div class=\"elementor-element elementor-element-4f6f050 elementor-widget elementor-widget-spacer\" data-id=\"4f6f050\" data-element_type=\"widget\" data-widget_type=\"spacer.default\">\n\t\t\t\t<div class=\"elementor-widget-container\">\n\t\t\t\t\t\t\t<div class=\"elementor-spacer\">\n\t\t\t<div class=\"elementor-spacer-inner\"><\/div>\n\t\t<\/div>\n\t\t\t\t\t\t<\/div>\n\t\t\t\t<\/div>\n\t\t\t\t<div class=\"elementor-element elementor-element-62ec97c elementor-widget elementor-widget-heading\" data-id=\"62ec97c\" data-element_type=\"widget\" data-widget_type=\"heading.default\">\n\t\t\t\t<div class=\"elementor-widget-container\">\n\t\t\t\t\t<h2 class=\"elementor-heading-title elementor-size-default\">Hist\u00f3rico do proponente:\n<\/h2>\t\t\t\t<\/div>\n\t\t\t\t<\/div>\n\t\t\t\t<div class=\"elementor-element elementor-element-eeb7038 elementor-widget elementor-widget-text-editor\" data-id=\"eeb7038\" data-element_type=\"widget\" data-widget_type=\"text-editor.default\">\n\t\t\t\t<div class=\"elementor-widget-container\">\n\t\t\t\t\t\t\t\t\t<p>Na \u00faltima d\u00e9cada, em sua sede, O SINDCOM e o coletivo Casa com a M\u00fasica come\u00e7aram a desenvolver atividades art\u00edsticas e interc\u00e2mbio cultural. Em 2016, assentamos o \u201cCentro de Conviv\u00eancia Milton Nascimento\u201d, agraciado pelo pr\u00f3prio, onde foi feita uma homenagem com refer\u00eancia do seu nome para o Sal\u00e3o de Eventos do SINDCOM, na \u00e9poca, divulgado na rede social do pr\u00f3prio Compositor.<\/p><p>Gra\u00e7as ao trabalho de parceria das entidades, com ajuda de artistas que se empenharam, uma grande transforma\u00e7\u00e3o foi realizada, com intuito de suprir a necessidade de novos compositores na cena e de se tornar um espa\u00e7o colaborativo, m\u00faltiplas interven\u00e7\u00f5es art\u00edsticas e culturais come\u00e7aram acontecer. Um mutir\u00e3o foi organizado, e com ajuda de mais pessoas que poder\u00edamos citar, transformamos um espa\u00e7o pouco interativo em um polo multicultural que respira criatividade e colabora\u00e7\u00e3o em rede, al\u00e9m da m\u00fasica. Para realizar sua gest\u00e3o e administra\u00e7\u00e3o assegurar sua sobreviv\u00eancia,\u00a0<\/p><p>O SINDCOM, exclusivamente, sempre contou com as taxas de filia\u00e7\u00e3o e doa\u00e7\u00f5es volunt\u00e1rias dos simpatizantes como fonte de recursos. Durante este mesmo per\u00edodo at\u00e9 a presente data, passaram pelo SINDCOM mais de 8000 artistas e profissionais de diversas \u00e1reas, entre elas: teatro, cinema, poesia, educa\u00e7\u00e3o, literatura, sustentabilidade, fotografia, blocos carnavalescos, aulas e oficinas musicais e culturais.<\/p><p>Contamos tamb\u00e9m, aproximadamente, 400 apresenta\u00e7\u00f5es musicais realizadas, muitas delas com transmiss\u00e3o ao vivo pela web, sendo estimada uma plateia de mais de 40 mil pessoas do Brasil e do exterior, assistindo presencialmente ou pelas redes sociais do SINDCOM e Casa com a M\u00fasica.\u00a0<\/p><p><b>\u00a0<\/b><\/p><p><b>alguns projetos, eventos e parcerias realizadas:<\/b><\/p><p>a) \u201cInterc\u00e2mbio Cultural\u201d de 2014 a 2016, na Lapa, incluindo tamb\u00e9m os per\u00edodos da Copa do mundo e das Olimp\u00edadas, o SINDCOM abriu suas portas para receber e alojar artistas de diversas \u00e1reas, do Brasil e Exterior, que teve como objetivo descobrir, agregar valores musicais e culturais respeitando suas diversidades;<\/p><p>b) \u201cEncontro de Compositores\u201d de 2014 at\u00e9 a presente data, anualmente, realizado pelo coletivo \u201cCasa com a M\u00fasica\u201d, com o objetivo de dar apoio, aux\u00edlio t\u00e9cnico e estrutura da sede do SINDCOM, dos quais foram projetados no cen\u00e1rio art\u00edstico nacional: Luedji, Luna, BK, Toninho Geraes, Doralice, &#8230;, dentre outros.<\/p><p>c) \u201cCentro de Conviv\u00eancia Milton Nascimento\u201d, em 2016, agraciado pelo Compositor Milton Nascimento, foi feita uma homenagem com refer\u00eancia do seu nome para o Sal\u00e3o de Eventos do SINDCOM, na \u00e9poca, divulgado na rede social do Compositor. Infraestrutura e instala\u00e7\u00f5es dispon\u00edveis para o projeto Situado no Centro da cidade do Rio de Janeiro-RJ, no Bairro da LAPA, o SINDCOM disp\u00f5e de um grande quintal com horta e \u00e1rvores frut\u00edferas, cujo produto \u00e9 dividido com a comunidade local, um sal\u00e3o de eventos, est\u00fadio de grava\u00e7\u00e3o, salas para aulas e oficinas, bem como um espa\u00e7o cultural para galeria de artes e exposi\u00e7\u00f5es\u00a0art\u00edsticas.<\/p>\t\t\t\t\t\t\t\t<\/div>\n\t\t\t\t<\/div>\n\t\t\t\t<div class=\"elementor-element elementor-element-094d021 elementor-widget elementor-widget-spacer\" data-id=\"094d021\" data-element_type=\"widget\" data-widget_type=\"spacer.default\">\n\t\t\t\t<div class=\"elementor-widget-container\">\n\t\t\t\t\t\t\t<div class=\"elementor-spacer\">\n\t\t\t<div class=\"elementor-spacer-inner\"><\/div>\n\t\t<\/div>\n\t\t\t\t\t\t<\/div>\n\t\t\t\t<\/div>\n\t\t\t\t\t<\/div>\n\t\t<\/div>\n\t\t\t\t\t<\/div>\n\t\t<\/section>\n\t\t\t\t<\/div>\n\t\t","protected":false},"excerpt":{"rendered":"<p>Quem Somos SINDCOM O SINDCOM \u2013 Sindicato Nacional dos Compositores Musicais, uma das mais representativas e longevas entidades da cultura brasileira, teve sua funda\u00e7\u00e3o em 1952, no Rio de Janeiro, como Associa\u00e7\u00e3o Profissional dos Compositores Musicais. Em 1954, obteve sua carta sindical, evoluindo para Sindicato dos Compositores Musicais do Rio de Janeiro e, finalmente, em 08 de novembro de 1983, estendeu sua base para todo o territ\u00f3rio nacional, consagrando-se como Sindicato Nacional. Sua trajet\u00f3ria \u00e9 marcada pela filia\u00e7\u00e3o de personagens ic\u00f4nicos da cultura nacional, como Tom Jobim, Luiz Gonzaga, Grande Otelo, Chico An\u00edsio, Gilberto Gil, Raimundo Fagner e Jo\u00e3o do Vale, e pela lideran\u00e7a de figuras hist\u00f3ricas como Herivelto Martins, compositor de inestim\u00e1vel valor e criador do Dia do Compositor (07\/10\/1948), que dirigiu a entidade em dois mandatos (1963 e 1971), Recebeu o t\u00edtulo de Cidad\u00e3o Carioca, outorgado pela C\u00e2mara dos Vereadores do Rio de Janeiro,consolidando a relev\u00e2ncia do SINDCOM na defesa dos direitos e na preserva\u00e7\u00e3o da mem\u00f3ria da m\u00fasica brasileira. Hist\u00f3rico do proponente: Na \u00faltima d\u00e9cada, em sua sede, O SINDCOM e o coletivo Casa com a M\u00fasica come\u00e7aram a desenvolver atividades art\u00edsticas e interc\u00e2mbio cultural. Em 2016, assentamos o \u201cCentro de Conviv\u00eancia Milton Nascimento\u201d, agraciado pelo pr\u00f3prio, onde foi feita uma homenagem com refer\u00eancia do seu nome para o Sal\u00e3o de Eventos do SINDCOM, na \u00e9poca, divulgado na rede social do pr\u00f3prio Compositor. Gra\u00e7as ao trabalho de parceria das entidades, com ajuda de artistas que se empenharam, uma grande transforma\u00e7\u00e3o foi realizada, com intuito de suprir a necessidade de novos compositores na cena e de se tornar um espa\u00e7o colaborativo, m\u00faltiplas interven\u00e7\u00f5es art\u00edsticas e culturais come\u00e7aram acontecer. Um mutir\u00e3o foi organizado, e com ajuda de mais pessoas que poder\u00edamos citar, transformamos um espa\u00e7o pouco interativo em um polo multicultural que respira criatividade e colabora\u00e7\u00e3o em rede, al\u00e9m da m\u00fasica. Para realizar sua gest\u00e3o e administra\u00e7\u00e3o assegurar sua sobreviv\u00eancia,\u00a0 O SINDCOM, exclusivamente, sempre contou com as taxas de filia\u00e7\u00e3o e doa\u00e7\u00f5es volunt\u00e1rias dos simpatizantes como fonte de recursos. Durante este mesmo per\u00edodo at\u00e9 a presente data, passaram pelo SINDCOM mais de 8000 artistas e profissionais de diversas \u00e1reas, entre elas: teatro, cinema, poesia, educa\u00e7\u00e3o, literatura, sustentabilidade, fotografia, blocos carnavalescos, aulas e oficinas musicais e culturais. Contamos tamb\u00e9m, aproximadamente, 400 apresenta\u00e7\u00f5es musicais realizadas, muitas delas com transmiss\u00e3o ao vivo pela web, sendo estimada uma plateia de mais de 40 mil pessoas do Brasil e do exterior, assistindo presencialmente ou pelas redes sociais do SINDCOM e Casa com a M\u00fasica.\u00a0 \u00a0 alguns projetos, eventos e parcerias realizadas: a) \u201cInterc\u00e2mbio Cultural\u201d de 2014 a 2016, na Lapa, incluindo tamb\u00e9m os per\u00edodos da Copa do mundo e das Olimp\u00edadas, o SINDCOM abriu suas portas para receber e alojar artistas de diversas \u00e1reas, do Brasil e Exterior, que teve como objetivo descobrir, agregar valores musicais e culturais respeitando suas diversidades; b) \u201cEncontro de Compositores\u201d de 2014 at\u00e9 a presente data, anualmente, realizado pelo coletivo \u201cCasa com a M\u00fasica\u201d, com o objetivo de dar apoio, aux\u00edlio t\u00e9cnico e estrutura da sede do SINDCOM, dos quais foram projetados no cen\u00e1rio art\u00edstico nacional: Luedji, Luna, BK, Toninho Geraes, Doralice, &#8230;, dentre outros. c) \u201cCentro de Conviv\u00eancia Milton Nascimento\u201d, em 2016, agraciado pelo Compositor Milton Nascimento, foi feita uma homenagem com refer\u00eancia do seu nome para o Sal\u00e3o de Eventos do SINDCOM, na \u00e9poca, divulgado na rede social do Compositor. Infraestrutura e instala\u00e7\u00f5es dispon\u00edveis para o projeto Situado no Centro da cidade do Rio de Janeiro-RJ, no Bairro da LAPA, o SINDCOM disp\u00f5e de um grande quintal com horta e \u00e1rvores frut\u00edferas, cujo produto \u00e9 dividido com a comunidade local, um sal\u00e3o de eventos, est\u00fadio de grava\u00e7\u00e3o, salas para aulas e oficinas, bem como um espa\u00e7o cultural para galeria de artes e exposi\u00e7\u00f5es\u00a0art\u00edsticas.<\/p>\n","protected":false},"author":1,"featured_media":0,"parent":0,"menu_order":0,"comment_status":"closed","ping_status":"closed","template":"elementor_header_footer","meta":{"footnotes":""},"class_list":["post-2954","page","type-page","status-publish","hentry"],"_links":{"self":[{"href":"https:\/\/sindcompositores.org.br\/index.php?rest_route=\/wp\/v2\/pages\/2954","targetHints":{"allow":["GET"]}}],"collection":[{"href":"https:\/\/sindcompositores.org.br\/index.php?rest_route=\/wp\/v2\/pages"}],"about":[{"href":"https:\/\/sindcompositores.org.br\/index.php?rest_route=\/wp\/v2\/types\/page"}],"author":[{"embeddable":true,"href":"https:\/\/sindcompositores.org.br\/index.php?rest_route=\/wp\/v2\/users\/1"}],"replies":[{"embeddable":true,"href":"https:\/\/sindcompositores.org.br\/index.php?rest_route=%2Fwp%2Fv2%2Fcomments&post=2954"}],"version-history":[{"count":28,"href":"https:\/\/sindcompositores.org.br\/index.php?rest_route=\/wp\/v2\/pages\/2954\/revisions"}],"predecessor-version":[{"id":2995,"href":"https:\/\/sindcompositores.org.br\/index.php?rest_route=\/wp\/v2\/pages\/2954\/revisions\/2995"}],"wp:attachment":[{"href":"https:\/\/sindcompositores.org.br\/index.php?rest_route=%2Fwp%2Fv2%2Fmedia&parent=2954"}],"curies":[{"name":"wp","href":"https:\/\/api.w.org\/{rel}","templated":true}]}}